{"id":48,"date":"2018-11-14T12:03:28","date_gmt":"2018-11-14T12:03:28","guid":{"rendered":"http:\/\/altinyayla.org.tr\/?page_id=48"},"modified":"2018-11-14T12:03:28","modified_gmt":"2018-11-14T12:03:28","slug":"calisma-usul-ve-esaslarimiz","status":"publish","type":"page","link":"https:\/\/altinyayla.org.tr\/index.php\/calisma-usul-ve-esaslarimiz\/","title":{"rendered":"\u00c7al\u0131\u015fma Us\u00fcl ve Esaslar\u0131m\u0131z"},"content":{"rendered":"<p>Dernek ama\u00e7 ve hizmet konular\u0131n\u0131 ger\u00e7ekle\u015ftirmek i\u00e7in:<\/p>\n<ul>\n<li>\u0130kametgah\u0131 ile ama\u00e7 ve hizmet konular\u0131 i\u00e7in gerekli ta\u015f\u0131n\u0131r ve ta\u015f\u0131nmaz mallar\u0131 sat\u0131n al\u0131r, satar ve kiralar. Ta\u015f\u0131n\u0131r ve ta\u015f\u0131nmaz mallar \u00fczerinde her t\u00fcrl\u00fc haklar\u0131 koydurabilir, i\u015fletebilir ve her t\u00fcrl\u00fc in\u015faat\u0131 yapt\u0131rabilir.<\/li>\n<li>\u00dcyelerini ve kamuoyunu bilgilendirmek i\u00e7in, ama\u00e7 ve hizmet konular\u0131yla ilgili her t\u00fcrl\u00fc toplant\u0131, seminer, konferans, temsil, gezi, festival, fuar ve di\u011fer g\u00f6steriler ve etkinlikler d\u00fczenleyebilir.<\/li>\n<li>Ama\u00e7 ve hizmet konular\u0131n\u0131 ger\u00e7ekle\u015ftirmek i\u00e7in \u00fcyeleri ya da uzman ki\u015filer arc\u0131l\u0131\u011f\u0131yla ara\u015ft\u0131rma, inceleme, geli\u015ftirme, \u00e7al\u0131\u015fma ve et\u00fctleri yapar, \u00f6neri ve dilekleri belirler ve bunlar\u0131 her t\u00fcrl\u00fc yay\u0131n ara\u00e7lar\u0131 ile yay\u0131nlayabilir.<\/li>\n<li>Ama\u00e7 ve hizmet konular\u0131n\u0131 ger\u00e7ekle\u015ftirmek i\u00e7in her d\u00fczeyde e\u011fitim ve \u00f6\u011fretim kurumlar\u0131 ile i\u015fbirli\u011fine giderek, kurs a\u00e7mak, folklor ekibi kurmak ve di\u011fer sosyal ve k\u00fclt\u00fcrel e\u011fitsel faaliyetlerde bulunabilir.<\/li>\n<li>Ama\u00e7 ve hizmet konular\u0131n\u0131 ger\u00e7ekle\u015ftirmek i\u00e7in ihtiya\u00e7 duydu\u011fu gelirleri temin etmek amac\u0131yla iktisadi, ticari ve sanayi i\u015fletmeler, ortakl\u0131klar ve yard\u0131mla\u015fma sand\u0131klar\u0131 kurabilir.<\/li>\n<li>Ama\u00e7 ve hizmet konular\u0131n\u0131 ger\u00e7ekle\u015ftirmek i\u00e7in Yard\u0131m Toplama Kanunu ve ilgili mevzuat h\u00fck\u00fcmleri ile t\u00fcz\u00fck h\u00fck\u00fcmlerine uygun olarak yard\u0131m ve ba\u011f\u0131\u015f toplar, al\u0131r ve verir; \u015fartl\u0131 ve \u015farts\u0131z vasiyetleri kabul eder.<\/li>\n<li>Ama\u00e7 ve hizmet konular\u0131n\u0131 ger\u00e7ekle\u015ftirmek i\u00e7in mevzuat\u0131n izin verdi\u011fi\u00a0 lokal a\u00e7ma ve benzeri t\u00fcm haklar\u0131n\u0131 kullanabilir ve gerekli di\u011fer faaliyet ve \u00e7al\u0131\u015fmalar\u0131 yapabilir.<\/li>\n<\/ul>\n","protected":false},"excerpt":{"rendered":"<p>Dernek ama\u00e7 ve hizmet konular\u0131n\u0131 ger\u00e7ekle\u015ftirmek i\u00e7in: \u0130kametgah\u0131 ile ama\u00e7 ve hizmet konular\u0131 i\u00e7in gerekli ta\u015f\u0131n\u0131r ve ta\u015f\u0131nmaz mallar\u0131 sat\u0131n al\u0131r, satar ve kiralar. Ta\u015f\u0131n\u0131r ve ta\u015f\u0131nmaz mallar \u00fczerinde her t\u00fcrl\u00fc haklar\u0131 koydurabilir, i\u015fletebilir ve her t\u00fcrl\u00fc in\u015faat\u0131 yapt\u0131rabilir. \u00dcyelerini ve kamuoyunu bilgilendirmek i\u00e7in, ama\u00e7 ve hizmet konular\u0131yla ilgili her t\u00fcrl\u00fc toplant\u0131, seminer, konferans, temsil, [&hellip;]<\/p>\n","protected":false},"author":1,"featured_media":0,"parent":0,"menu_order":0,"comment_status":"closed","ping_status":"closed","template":"","meta":[],"_links":{"self":[{"href":"https:\/\/altinyayla.org.tr\/index.php\/wp-json\/wp\/v2\/pages\/48"}],"collection":[{"href":"https:\/\/altinyayla.org.tr\/index.php\/wp-json\/wp\/v2\/pages"}],"about":[{"href":"https:\/\/altinyayla.org.tr\/index.php\/wp-json\/wp\/v2\/types\/page"}],"author":[{"embeddable":true,"href":"https:\/\/altinyayla.org.tr\/index.php\/wp-json\/wp\/v2\/users\/1"}],"replies":[{"embeddable":true,"href":"https:\/\/altinyayla.org.tr\/index.php\/wp-json\/wp\/v2\/comments?post=48"}],"version-history":[{"count":1,"href":"https:\/\/altinyayla.org.tr\/index.php\/wp-json\/wp\/v2\/pages\/48\/revisions"}],"predecessor-version":[{"id":49,"href":"https:\/\/altinyayla.org.tr\/index.php\/wp-json\/wp\/v2\/pages\/48\/revisions\/49"}],"wp:attachment":[{"href":"https:\/\/altinyayla.org.tr\/index.php\/wp-json\/wp\/v2\/media?parent=48"}],"curies":[{"name":"wp","href":"https:\/\/api.w.org\/{rel}","templated":true}]}}