{"id":26,"date":"2018-11-14T10:54:02","date_gmt":"2018-11-14T10:54:02","guid":{"rendered":"http:\/\/altinyayla.org.tr\/?page_id=26"},"modified":"2018-11-14T10:58:03","modified_gmt":"2018-11-14T10:58:03","slug":"tuzuk","status":"publish","type":"page","link":"https:\/\/altinyayla.org.tr\/index.php\/tuzuk\/","title":{"rendered":"Ama\u00e7lar\u0131m\u0131z"},"content":{"rendered":"<ul>\n<li>Hem\u015fehrilerimizin ve \u00fcyelerimizin birbirleriyle olan ileti\u015fimlerini sa\u011flamak,<\/li>\n<li>Sosyal ve k\u00fclt\u00fcrel de\u011ferlerimizin korunmas\u0131n\u0131 g\u00f6zetmek ve ya\u015fatmak,<\/li>\n<li>Yard\u0131mla\u015fma ve Dayan\u0131\u015fmay\u0131 ilke edinmek,<\/li>\n<li>Tarihi ve k\u00fclt\u00fcrel zenginliklerimizin tan\u0131t\u0131lmas\u0131 ve ya\u015fat\u0131lmas\u0131na destek vermek,<\/li>\n<li>Milli ve manevi de\u011ferlerimizin korunmas\u0131 i\u00e7in faaliyette bulunmak,<\/li>\n<li>Sevgi ve sayg\u0131ya dayal\u0131, Dostluk ve karde\u015flik duygular\u0131n\u0131 kuvvetlendirmek,<\/li>\n<li>Orta\u00f6\u011fretim ve Y\u00fcksek\u00f6\u011fretimde okuyan \u00f6\u011frencilerimize yard\u0131mc\u0131 olmak,<\/li>\n<li>Alt\u0131nyayla ve K\u00f6ylerin geli\u015ftirilmesi ve yap\u0131land\u0131r\u0131lmas\u0131 i\u00e7in Proje \u00fcretmek,<\/li>\n<li>Derne\u011fin ihtiyac\u0131 olan ta\u015f\u0131n\u0131r ve ta\u015f\u0131nmaz mal almak, satmak,<\/li>\n<li>Dayan\u0131\u015fmay\u0131 sa\u011flamak amac\u0131 ile Yard\u0131m sand\u0131\u011f\u0131 kurmak,<\/li>\n<li>Yard\u0131m toplama kanunu ve Ana t\u00fcz\u00fc\u011f\u00fcn h\u00fck\u00fcmleri uygun ba\u011f\u0131\u015f almak ve vermek.<\/li>\n<\/ul>\n","protected":false},"excerpt":{"rendered":"<p>Hem\u015fehrilerimizin ve \u00fcyelerimizin birbirleriyle olan ileti\u015fimlerini sa\u011flamak, Sosyal ve k\u00fclt\u00fcrel de\u011ferlerimizin korunmas\u0131n\u0131 g\u00f6zetmek ve ya\u015fatmak, Yard\u0131mla\u015fma ve Dayan\u0131\u015fmay\u0131 ilke edinmek, Tarihi ve k\u00fclt\u00fcrel zenginliklerimizin tan\u0131t\u0131lmas\u0131 ve ya\u015fat\u0131lmas\u0131na destek vermek, Milli ve manevi de\u011ferlerimizin korunmas\u0131 i\u00e7in faaliyette bulunmak, Sevgi ve sayg\u0131ya dayal\u0131, Dostluk ve karde\u015flik duygular\u0131n\u0131 kuvvetlendirmek, Orta\u00f6\u011fretim ve Y\u00fcksek\u00f6\u011fretimde okuyan \u00f6\u011frencilerimize yard\u0131mc\u0131 olmak, Alt\u0131nyayla ve [&hellip;]<\/p>\n","protected":false},"author":1,"featured_media":0,"parent":0,"menu_order":0,"comment_status":"closed","ping_status":"closed","template":"","meta":[],"_links":{"self":[{"href":"https:\/\/altinyayla.org.tr\/index.php\/wp-json\/wp\/v2\/pages\/26"}],"collection":[{"href":"https:\/\/altinyayla.org.tr\/index.php\/wp-json\/wp\/v2\/pages"}],"about":[{"href":"https:\/\/altinyayla.org.tr\/index.php\/wp-json\/wp\/v2\/types\/page"}],"author":[{"embeddable":true,"href":"https:\/\/altinyayla.org.tr\/index.php\/wp-json\/wp\/v2\/users\/1"}],"replies":[{"embeddable":true,"href":"https:\/\/altinyayla.org.tr\/index.php\/wp-json\/wp\/v2\/comments?post=26"}],"version-history":[{"count":2,"href":"https:\/\/altinyayla.org.tr\/index.php\/wp-json\/wp\/v2\/pages\/26\/revisions"}],"predecessor-version":[{"id":33,"href":"https:\/\/altinyayla.org.tr\/index.php\/wp-json\/wp\/v2\/pages\/26\/revisions\/33"}],"wp:attachment":[{"href":"https:\/\/altinyayla.org.tr\/index.php\/wp-json\/wp\/v2\/media?parent=26"}],"curies":[{"name":"wp","href":"https:\/\/api.w.org\/{rel}","templated":true}]}}